{"id":202,"date":"2024-09-06T18:10:01","date_gmt":"2024-09-06T16:10:01","guid":{"rendered":"https:\/\/muixsnacks.com\/es\/?post_type=product&#038;p=202"},"modified":"2025-07-21T22:30:39","modified_gmt":"2025-07-21T20:30:39","slug":"royale-corn-nuts-mix","status":"publish","type":"product","link":"https:\/\/muixsnacks.com\/es\/producto\/royale-corn-nuts-mix\/","title":{"rendered":"Royale Corn &#038; Nuts Mix"},"content":{"rendered":"","protected":false},"excerpt":{"rendered":"<p>Royale Mix es la combinaci\u00f3n perfecta de ingredientes de primera clase junto con sabores sorprendentes que nos har\u00e1n sentir en un chateaux de la campi\u00f1a francesa.<\/p>\n","protected":false},"featured_media":785,"comment_status":"open","ping_status":"closed","template":"","meta":[],"product_brand":[],"product_cat":[15],"product_tag":[],"class_list":{"0":"post-202","1":"product","2":"type-product","3":"status-publish","4":"has-post-thumbnail","6":"product_cat-sin-categorizar","8":"first","9":"instock","10":"shipping-taxable","11":"product-type-variable"},"acf":[],"yoast_head":"<!-- This site is optimized with the Yoast SEO plugin v25.6 - https:\/\/yoast.com\/wordpress\/plugins\/seo\/ -->\n<title>Snack Royale Corn &amp; Nuts Mix | M\u00fcix Snacks<\/title>\n<meta name=\"description\" content=\"Royale Corn Nuts Mix, una combinaci\u00f3n crujiente de almendras y anacardos salados, kikos con miel, nueces pecanda con miel y pistachos con naranja.\" \/>\n<meta name=\"robots\" content=\"index, follow, max-snippet:-1, max-image-preview:large, max-video-preview:-1\" \/>\n<link rel=\"canonical\" href=\"https:\/\/muixsnacks.com\/es\/producto\/royale-corn-nuts-mix\/\" \/>\n<meta property=\"og:locale\" content=\"es_ES\" \/>\n<meta property=\"og:type\" content=\"article\" \/>\n<meta property=\"og:title\" content=\"Snack Royale Corn &amp; Nuts Mix | M\u00fcix Snacks\" \/>\n<meta property=\"og:description\" content=\"Royale Corn Nuts Mix, una combinaci\u00f3n crujiente de almendras y anacardos salados, kikos con miel, nueces pecanda con miel y pistachos con naranja.\" \/>\n<meta property=\"og:url\" content=\"https:\/\/muixsnacks.com\/es\/producto\/royale-corn-nuts-mix\/\" \/>\n<meta property=\"og:site_name\" content=\"Espa\u00f1a\" \/>\n<meta property=\"article:publisher\" content=\"https:\/\/www.facebook.com\/MUIXSnacks\/\" \/>\n<meta property=\"article:modified_time\" content=\"2025-07-21T20:30:39+00:00\" \/>\n<meta property=\"og:image\" content=\"https:\/\/muixsnacks.com\/es\/wp-content\/uploads\/sites\/2\/2024\/12\/spain-royale.png\" \/>\n\t<meta property=\"og:image:width\" content=\"893\" \/>\n\t<meta property=\"og:image:height\" content=\"1080\" \/>\n\t<meta property=\"og:image:type\" content=\"image\/png\" \/>\n<meta name=\"twitter:card\" content=\"summary_large_image\" \/>\n<meta name=\"twitter:label1\" content=\"Tiempo de lectura\" \/>\n\t<meta name=\"twitter:data1\" content=\"1 minuto\" \/>\n<script type=\"application\/ld+json\" class=\"yoast-schema-graph\">{\"@context\":\"https:\/\/schema.org\",\"@graph\":[{\"@type\":\"WebPage\",\"@id\":\"https:\/\/muixsnacks.com\/es\/producto\/royale-corn-nuts-mix\/\",\"url\":\"https:\/\/muixsnacks.com\/es\/producto\/royale-corn-nuts-mix\/\",\"name\":\"Snack Royale Corn & Nuts Mix | M\u00fcix Snacks\",\"isPartOf\":{\"@id\":\"https:\/\/muixsnacks.com\/es\/#website\"},\"primaryImageOfPage\":{\"@id\":\"https:\/\/muixsnacks.com\/es\/producto\/royale-corn-nuts-mix\/#primaryimage\"},\"image\":{\"@id\":\"https:\/\/muixsnacks.com\/es\/producto\/royale-corn-nuts-mix\/#primaryimage\"},\"thumbnailUrl\":\"https:\/\/muixsnacks.com\/es\/wp-content\/uploads\/sites\/2\/2024\/12\/spain-royale.png\",\"datePublished\":\"2024-09-06T16:10:01+00:00\",\"dateModified\":\"2025-07-21T20:30:39+00:00\",\"description\":\"Royale Corn Nuts Mix, una combinaci\u00f3n crujiente de almendras y anacardos salados, kikos con miel, nueces pecanda con miel y pistachos con naranja.\",\"breadcrumb\":{\"@id\":\"https:\/\/muixsnacks.com\/es\/producto\/royale-corn-nuts-mix\/#breadcrumb\"},\"inLanguage\":\"es\",\"potentialAction\":[{\"@type\":\"ReadAction\",\"target\":[\"https:\/\/muixsnacks.com\/es\/producto\/royale-corn-nuts-mix\/\"]}]},{\"@type\":\"ImageObject\",\"inLanguage\":\"es\",\"@id\":\"https:\/\/muixsnacks.com\/es\/producto\/royale-corn-nuts-mix\/#primaryimage\",\"url\":\"https:\/\/muixsnacks.com\/es\/wp-content\/uploads\/sites\/2\/2024\/12\/spain-royale.png\",\"contentUrl\":\"https:\/\/muixsnacks.com\/es\/wp-content\/uploads\/sites\/2\/2024\/12\/spain-royale.png\",\"width\":893,\"height\":1080},{\"@type\":\"BreadcrumbList\",\"@id\":\"https:\/\/muixsnacks.com\/es\/producto\/royale-corn-nuts-mix\/#breadcrumb\",\"itemListElement\":[{\"@type\":\"ListItem\",\"position\":1,\"name\":\"Portada\",\"item\":\"https:\/\/muixsnacks.com\/es\/\"},{\"@type\":\"ListItem\",\"position\":2,\"name\":\"Tienda\",\"item\":\"https:\/\/muixsnacks.com\/es\/tienda\/\"},{\"@type\":\"ListItem\",\"position\":3,\"name\":\"Royale Corn &#038; Nuts Mix\"}]},{\"@type\":\"WebSite\",\"@id\":\"https:\/\/muixsnacks.com\/es\/#website\",\"url\":\"https:\/\/muixsnacks.com\/es\/\",\"name\":\"M\u00fcix Snacks\",\"description\":\"Nueva forma de disfrutar de los frutos secos, combinando tradici\u00f3n e innovaci\u00f3n.\",\"publisher\":{\"@id\":\"https:\/\/muixsnacks.com\/es\/#organization\"},\"alternateName\":\"M\u00fcix Snacks\",\"potentialAction\":[{\"@type\":\"SearchAction\",\"target\":{\"@type\":\"EntryPoint\",\"urlTemplate\":\"https:\/\/muixsnacks.com\/es\/?s={search_term_string}\"},\"query-input\":{\"@type\":\"PropertyValueSpecification\",\"valueRequired\":true,\"valueName\":\"search_term_string\"}}],\"inLanguage\":\"es\"},{\"@type\":\"Organization\",\"@id\":\"https:\/\/muixsnacks.com\/es\/#organization\",\"name\":\"M\u00fcix Snacks\",\"alternateName\":\"M\u00fcix Snacks\",\"url\":\"https:\/\/muixsnacks.com\/es\/\",\"logo\":{\"@type\":\"ImageObject\",\"inLanguage\":\"es\",\"@id\":\"https:\/\/muixsnacks.com\/es\/#\/schema\/logo\/image\/\",\"url\":\"https:\/\/muixsnacks.com\/es\/wp-content\/uploads\/sites\/2\/2024\/06\/muix-logo-negro.svg\",\"contentUrl\":\"https:\/\/muixsnacks.com\/es\/wp-content\/uploads\/sites\/2\/2024\/06\/muix-logo-negro.svg\",\"width\":1,\"height\":1,\"caption\":\"M\u00fcix Snacks\"},\"image\":{\"@id\":\"https:\/\/muixsnacks.com\/es\/#\/schema\/logo\/image\/\"},\"sameAs\":[\"https:\/\/www.facebook.com\/MUIXSnacks\/\",\"https:\/\/www.instagram.com\/muixsnacks\/\"]}]}<\/script>\n<!-- \/ Yoast SEO plugin. -->","yoast_head_json":{"title":"Snack Royale Corn & Nuts Mix | M\u00fcix Snacks","description":"Royale Corn Nuts Mix, una combinaci\u00f3n crujiente de almendras y anacardos salados, kikos con miel, nueces pecanda con miel y pistachos con naranja.","robots":{"index":"index","follow":"follow","max-snippet":"max-snippet:-1","max-image-preview":"max-image-preview:large","max-video-preview":"max-video-preview:-1"},"canonical":"https:\/\/muixsnacks.com\/es\/producto\/royale-corn-nuts-mix\/","og_locale":"es_ES","og_type":"article","og_title":"Snack Royale Corn & Nuts Mix | M\u00fcix Snacks","og_description":"Royale Corn Nuts Mix, una combinaci\u00f3n crujiente de almendras y anacardos salados, kikos con miel, nueces pecanda con miel y pistachos con naranja.","og_url":"https:\/\/muixsnacks.com\/es\/producto\/royale-corn-nuts-mix\/","og_site_name":"Espa\u00f1a","article_publisher":"https:\/\/www.facebook.com\/MUIXSnacks\/","article_modified_time":"2025-07-21T20:30:39+00:00","og_image":[{"width":893,"height":1080,"url":"https:\/\/muixsnacks.com\/es\/wp-content\/uploads\/sites\/2\/2024\/12\/spain-royale.png","type":"image\/png"}],"twitter_card":"summary_large_image","twitter_misc":{"Tiempo de lectura":"1 minuto"},"schema":{"@context":"https:\/\/schema.org","@graph":[{"@type":"WebPage","@id":"https:\/\/muixsnacks.com\/es\/producto\/royale-corn-nuts-mix\/","url":"https:\/\/muixsnacks.com\/es\/producto\/royale-corn-nuts-mix\/","name":"Snack Royale Corn & Nuts Mix | M\u00fcix Snacks","isPartOf":{"@id":"https:\/\/muixsnacks.com\/es\/#website"},"primaryImageOfPage":{"@id":"https:\/\/muixsnacks.com\/es\/producto\/royale-corn-nuts-mix\/#primaryimage"},"image":{"@id":"https:\/\/muixsnacks.com\/es\/producto\/royale-corn-nuts-mix\/#primaryimage"},"thumbnailUrl":"https:\/\/muixsnacks.com\/es\/wp-content\/uploads\/sites\/2\/2024\/12\/spain-royale.png","datePublished":"2024-09-06T16:10:01+00:00","dateModified":"2025-07-21T20:30:39+00:00","description":"Royale Corn Nuts Mix, una combinaci\u00f3n crujiente de almendras y anacardos salados, kikos con miel, nueces pecanda con miel y pistachos con naranja.","breadcrumb":{"@id":"https:\/\/muixsnacks.com\/es\/producto\/royale-corn-nuts-mix\/#breadcrumb"},"inLanguage":"es","potentialAction":[{"@type":"ReadAction","target":["https:\/\/muixsnacks.com\/es\/producto\/royale-corn-nuts-mix\/"]}]},{"@type":"ImageObject","inLanguage":"es","@id":"https:\/\/muixsnacks.com\/es\/producto\/royale-corn-nuts-mix\/#primaryimage","url":"https:\/\/muixsnacks.com\/es\/wp-content\/uploads\/sites\/2\/2024\/12\/spain-royale.png","contentUrl":"https:\/\/muixsnacks.com\/es\/wp-content\/uploads\/sites\/2\/2024\/12\/spain-royale.png","width":893,"height":1080},{"@type":"BreadcrumbList","@id":"https:\/\/muixsnacks.com\/es\/producto\/royale-corn-nuts-mix\/#breadcrumb","itemListElement":[{"@type":"ListItem","position":1,"name":"Portada","item":"https:\/\/muixsnacks.com\/es\/"},{"@type":"ListItem","position":2,"name":"Tienda","item":"https:\/\/muixsnacks.com\/es\/tienda\/"},{"@type":"ListItem","position":3,"name":"Royale Corn &#038; Nuts Mix"}]},{"@type":"WebSite","@id":"https:\/\/muixsnacks.com\/es\/#website","url":"https:\/\/muixsnacks.com\/es\/","name":"M\u00fcix Snacks","description":"Nueva forma de disfrutar de los frutos secos, combinando tradici\u00f3n e innovaci\u00f3n.","publisher":{"@id":"https:\/\/muixsnacks.com\/es\/#organization"},"alternateName":"M\u00fcix Snacks","potentialAction":[{"@type":"SearchAction","target":{"@type":"EntryPoint","urlTemplate":"https:\/\/muixsnacks.com\/es\/?s={search_term_string}"},"query-input":{"@type":"PropertyValueSpecification","valueRequired":true,"valueName":"search_term_string"}}],"inLanguage":"es"},{"@type":"Organization","@id":"https:\/\/muixsnacks.com\/es\/#organization","name":"M\u00fcix Snacks","alternateName":"M\u00fcix Snacks","url":"https:\/\/muixsnacks.com\/es\/","logo":{"@type":"ImageObject","inLanguage":"es","@id":"https:\/\/muixsnacks.com\/es\/#\/schema\/logo\/image\/","url":"https:\/\/muixsnacks.com\/es\/wp-content\/uploads\/sites\/2\/2024\/06\/muix-logo-negro.svg","contentUrl":"https:\/\/muixsnacks.com\/es\/wp-content\/uploads\/sites\/2\/2024\/06\/muix-logo-negro.svg","width":1,"height":1,"caption":"M\u00fcix Snacks"},"image":{"@id":"https:\/\/muixsnacks.com\/es\/#\/schema\/logo\/image\/"},"sameAs":["https:\/\/www.facebook.com\/MUIXSnacks\/","https:\/\/www.instagram.com\/muixsnacks\/"]}]}},"_links":{"self":[{"href":"https:\/\/muixsnacks.com\/es\/wp-json\/wp\/v2\/product\/202","targetHints":{"allow":["GET"]}}],"collection":[{"href":"https:\/\/muixsnacks.com\/es\/wp-json\/wp\/v2\/product"}],"about":[{"href":"https:\/\/muixsnacks.com\/es\/wp-json\/wp\/v2\/types\/product"}],"replies":[{"embeddable":true,"href":"https:\/\/muixsnacks.com\/es\/wp-json\/wp\/v2\/comments?post=202"}],"wp:featuredmedia":[{"embeddable":true,"href":"https:\/\/muixsnacks.com\/es\/wp-json\/wp\/v2\/media\/785"}],"wp:attachment":[{"href":"https:\/\/muixsnacks.com\/es\/wp-json\/wp\/v2\/media?parent=202"}],"wp:term":[{"taxonomy":"product_brand","embeddable":true,"href":"https:\/\/muixsnacks.com\/es\/wp-json\/wp\/v2\/product_brand?post=202"},{"taxonomy":"product_cat","embeddable":true,"href":"https:\/\/muixsnacks.com\/es\/wp-json\/wp\/v2\/product_cat?post=202"},{"taxonomy":"product_tag","embeddable":true,"href":"https:\/\/muixsnacks.com\/es\/wp-json\/wp\/v2\/product_tag?post=202"}],"curies":[{"name":"wp","href":"https:\/\/api.w.org\/{rel}","templated":true}]}}